{"id":14835,"date":"2023-01-16T18:54:37","date_gmt":"2023-01-16T17:54:37","guid":{"rendered":"https:\/\/novasem1.attendere.de\/?page_id=14835"},"modified":"2026-02-12T16:23:21","modified_gmt":"2026-02-12T15:23:21","slug":"impressum","status":"publish","type":"page","link":"https:\/\/aduacon.es\/de\/impressum\/","title":{"rendered":"Impressum"},"content":{"rendered":"<section class=\"wpb-content-wrapper\"><p>[vc_row][vc_column][\/vc_column][\/vc_row][vc_row][vc_column][vc_column_text]<\/p>\n<p class=\"bodytext\"><strong>Aduacon Mallorca S.L.<\/strong><br \/>\nCarrer d\u2019Antoni Torrandell 13<br \/>\n07620 Llucmajor \/ Spanien<\/p>\n<p>Telefon: +34 871 15 36 78<br \/>\nE-Mail: administracion@aduacon.es<\/p>\n<p><strong>Gesch\u00e4ftsf\u00fchrer:<\/strong> Michael Dwehus<br \/>\nRegistergericht: Handelsregister von Mallorca<br \/>\nNIF: B56452360<\/p>\n<p>Copyright by Aduacon Mallorca S.L..<br \/>\nAlle Rechte vorbehalten.<\/p>\n<p>Bildnachweis<br \/>\nDie folgenden Bilder wurden von Aduacon Mallorca S.L. erworben oder von Dritten zur Verf\u00fcgung gestellt:<br \/>\n<a href=\"https:\/\/de.freepik.com\/fotos-kostenlos\/industriehafen-und-containerhof_1145654.htm#fromView=search&amp;page=1&amp;position=9&amp;uuid=d6c13562-e86b-454d-92ad-9bb7b2e2617e\" target=\"_blank\" rel=\"noopener\">Men\u00fc 01 &#8211; Designed by Freepik<\/a><br \/>\n<a href=\"https:\/\/de.freepik.com\/fotos-kostenlos\/geschaefts-team-globales-unternehmensplanungs-arbeitskonzept_3222590.htm#fromView=search&amp;page=1&amp;position=1&amp;uuid=007b7999-372f-4db6-8509-1eacb07dc133\" target=\"_blank\" rel=\"noopener\">Men\u00fc 02 &#8211; Designed by <\/a><a href=\"https:\/\/de.freepik.com\/fotos-kostenlos\/geschaefts-team-globales-unternehmensplanungs-arbeitskonzept_3222590.htm#fromView=search&amp;page=1&amp;position=1&amp;uuid=007b7999-372f-4db6-8509-1eacb07dc133\" target=\"_blank\" rel=\"noopener\">Freepik<\/a><br \/>\n<a href=\"https:\/\/de.freepik.com\/fotos-kostenlos\/port-de-barcelona-in-der-nacht_1491287.htm#fromView=search&amp;page=1&amp;position=15&amp;uuid=0b7e1b1a-5d81-426d-98f5-ec2d52474e0c\" target=\"_blank\" rel=\"noopener\">Men\u00fc 03 &#8211; Designed by <\/a><a href=\"https:\/\/de.freepik.com\/fotos-kostenlos\/port-de-barcelona-in-der-nacht_1491287.htm#fromView=search&amp;page=1&amp;position=15&amp;uuid=0b7e1b1a-5d81-426d-98f5-ec2d52474e0c\" target=\"_blank\" rel=\"noopener\">Freepik<\/a><br \/>\n<a href=\"https:\/\/de.freepik.com\/fotos-kostenlos\/luftaufnahme-von-frachtschiff-und-frachtcontainer-im-hafen_23404845.htm#fromView=search&amp;page=1&amp;position=7&amp;uuid=b0b0d682-2223-43d4-8913-b05bd7752f6b\" target=\"_blank\" rel=\"noopener\">Men\u00fc 04 &#8211; Designed by Freepik<\/a><\/p>\n<p class=\"bodytext\">Haftungshinweis:<br \/>\nTrotz sorgf\u00e4ltiger, inhaltlicher Kontrolle \u00fcbernehmen wir keine Haftung f\u00fcr die Inhalte externer Links. F\u00fcr den Inhalt der verlinkten Seiten sind ausschlie\u00dflich deren Betreiber verantwortlich.<\/p>\n<p>[\/vc_column_text][\/vc_column][\/vc_row]<\/p>\n<\/section>","protected":false},"excerpt":{"rendered":"<p>[vc_row][vc_column][\/vc_column][\/vc_row][vc_row][vc_column][vc_column_text] Aduacon Mallorca S.L. Carrer d\u2019Antoni Torrandell 13 07620 Llucmajor \/ Spanien Telefon: +34 871 15 36 78 E-Mail: administracion@aduacon.es Gesch\u00e4ftsf\u00fchrer: Michael Dwehus Registergericht: Handelsregister von Mallorca NIF: B56452360 Copyright by Aduacon Mallorca S.L.. Alle Rechte vorbehalten. Bildnachweis Die folgenden Bilder wurden von Aduacon Mallorca S.L. erworben oder von Dritten zur Verf\u00fcgung gestellt: Men\u00fc 01 [&hellip;]<\/p>\n","protected":false},"author":1,"featured_media":0,"parent":0,"menu_order":0,"comment_status":"closed","ping_status":"closed","template":"","meta":{"footnotes":""},"class_list":["post-14835","page","type-page","status-publish","hentry"],"_links":{"self":[{"href":"https:\/\/aduacon.es\/de\/wp-json\/wp\/v2\/pages\/14835","targetHints":{"allow":["GET"]}}],"collection":[{"href":"https:\/\/aduacon.es\/de\/wp-json\/wp\/v2\/pages"}],"about":[{"href":"https:\/\/aduacon.es\/de\/wp-json\/wp\/v2\/types\/page"}],"author":[{"embeddable":true,"href":"https:\/\/aduacon.es\/de\/wp-json\/wp\/v2\/users\/1"}],"replies":[{"embeddable":true,"href":"https:\/\/aduacon.es\/de\/wp-json\/wp\/v2\/comments?post=14835"}],"version-history":[{"count":6,"href":"https:\/\/aduacon.es\/de\/wp-json\/wp\/v2\/pages\/14835\/revisions"}],"predecessor-version":[{"id":17935,"href":"https:\/\/aduacon.es\/de\/wp-json\/wp\/v2\/pages\/14835\/revisions\/17935"}],"wp:attachment":[{"href":"https:\/\/aduacon.es\/de\/wp-json\/wp\/v2\/media?parent=14835"}],"curies":[{"name":"wp","href":"https:\/\/api.w.org\/{rel}","templated":true}]}}