{"id":15066,"date":"2023-01-31T12:21:32","date_gmt":"2023-01-31T11:21:32","guid":{"rendered":"https:\/\/novasem1.attendere.de\/?page_id=15066"},"modified":"2024-12-18T15:25:11","modified_gmt":"2024-12-18T14:25:11","slug":"partnerunternehmen","status":"publish","type":"page","link":"https:\/\/aduacon.es\/de\/partnerunternehmen\/","title":{"rendered":"Strategische Partner"},"content":{"rendered":"<section class=\"wpb-content-wrapper\"><p>[vc_row gap=&#8220;40&#8243; content_placement=&#8220;middle&#8220; css=&#8220;.vc_custom_1681973037172{padding-top: 56px !important;padding-bottom: 48px !important;}&#8220;][vc_column animation_delay=&#8220;0&#8243; offset=&#8220;vc_col-lg-6 vc_col-md-6 vc_col-xs-12&#8243;]<h3 id=\"et-animated-title-1\" class=\"et-animated-title et-clearfix  words-direct\" data-mobile-font=\"16px\" data-tablet-font=\"inherit\" data-delay=\"100\" style=\"font-size:42px;font-weight:700;line-height:50px;color:#212121;\"><span class=\"text-wrapper\"><span class=\"text\">Zollcon GmbH<br \/>\n<\/span><\/span><\/h3><div class=\"gap et-clearfix \" style=\"height:24px\"><\/div>[vc_column_text]Seit 1999 hat sich die Zollcon GmbH als f\u00fchrender Anbieter von spezialisierten Beratungsdienstleistungen im Bereich Zoll und Au\u00dfenhandel etabliert. Ihr Hauptziel ist es, ein strategischer und verl\u00e4sslicher Partner zu sein, der seine Kunden bei jedem Schritt ihrer internationalen Gesch\u00e4fte begleitet.<\/p>\n<p>&nbsp;<\/p>\n<p><a href=\"https:\/\/www.zollcon.de\/\" target=\"_blank\" rel=\"noopener\"><strong>www.zollcon.de<\/strong><\/a>[\/vc_column_text][\/vc_column][vc_column animation_delay=&#8220;150&#8243; css_animation=&#8220;left-to-right&#8220; offset=&#8220;vc_col-lg-6 vc_col-md-6 vc_col-xs-12&#8243; el_class=&#8220;text767-align-center&#8220;]<div data-curtain=\"false\" data-preloader=\"false\" data-decoration=\"true\" data-decoration-size=\"large\" data-animation-delay=\"0\" data-parallax=\"false\" data-coordinatex=\"0\" data-coordinatey=\"0\" data-speed=\"1\" class=\"et-custom-image  alignnone overlay-fade curtain-left\"><div class=\"overlay-hover\"><div class=\"image\"><div class=\"image-container\"><img loading=\"lazy\" decoding=\"async\" width=\"1200\" height=\"640\" src=\"https:\/\/aduacon.es\/wp-content\/uploads\/Zollcon_300DPI_BILDDRUCK_black-1200x640.jpg\" alt=\"\"><\/div><\/div><\/div><\/div><div class=\"gap et-clearfix \" style=\"height:32px\"><\/div><div class=\"gap et-clearfix \" style=\"height:32px\"><\/div>[\/vc_column][\/vc_row][vc_row gap=&#8220;40&#8243; content_placement=&#8220;middle&#8220; css=&#8220;.vc_custom_1681973037172{padding-top: 56px !important;padding-bottom: 48px !important;}&#8220;][vc_column animation_delay=&#8220;0&#8243; offset=&#8220;vc_col-lg-6 vc_col-md-6 vc_col-xs-12&#8243;]<h3 id=\"et-animated-title-2\" class=\"et-animated-title et-clearfix  words-direct\" data-mobile-font=\"16px\" data-tablet-font=\"inherit\" data-delay=\"100\" style=\"font-size:42px;font-weight:700;line-height:50px;color:#212121;\"><span class=\"text-wrapper\"><span class=\"text\">Novasem OHG<br \/>\n<\/span><\/span><\/h3><div class=\"gap et-clearfix \" style=\"height:24px\"><\/div>[vc_column_text]Die Novasem OHG, Innovatives Schulungszentrum, bietet seit 2001 Au\u00dfenhandels- und Zollseminare f\u00fcr international t\u00e4tige Unternehmen aus allen Wirtschaftssektoren an.<\/p>\n<p>&nbsp;<\/p>\n<p><a href=\"http:\/\/www.novasem.de\" target=\"_blank\" rel=\"noopener\"><strong>www.novasem.de<\/strong><\/a>[\/vc_column_text][\/vc_column][vc_column animation_delay=&#8220;150&#8243; css_animation=&#8220;left-to-right&#8220; offset=&#8220;vc_col-lg-6 vc_col-md-6 vc_col-xs-12&#8243; el_class=&#8220;text767-align-center&#8220;]<div data-curtain=\"false\" data-preloader=\"false\" data-decoration=\"true\" data-decoration-size=\"large\" data-animation-delay=\"0\" data-parallax=\"false\" data-coordinatex=\"0\" data-coordinatey=\"0\" data-speed=\"1\" class=\"et-custom-image  alignnone overlay-fade curtain-left\"><div class=\"overlay-hover\"><div class=\"image\"><div class=\"image-container\"><img loading=\"lazy\" decoding=\"async\" width=\"960\" height=\"540\" src=\"https:\/\/aduacon.es\/wp-content\/uploads\/344043287_634675328526978_6147603046240787777_n.jpg\" alt=\"\"><\/div><\/div><\/div><\/div><div class=\"gap et-clearfix \" style=\"height:32px\"><\/div><div class=\"gap et-clearfix \" style=\"height:32px\"><\/div>[\/vc_column][\/vc_row]<\/p>\n<\/section>","protected":false},"excerpt":{"rendered":"<p>[vc_row gap=&#8220;40&#8243; content_placement=&#8220;middle&#8220; css=&#8220;.vc_custom_1681973037172{padding-top: 56px !important;padding-bottom: 48px !important;}&#8220;][vc_column animation_delay=&#8220;0&#8243; offset=&#8220;vc_col-lg-6 vc_col-md-6 vc_col-xs-12&#8243;][vc_column_text]Seit 1999 hat sich die Zollcon GmbH als f\u00fchrender Anbieter von spezialisierten Beratungsdienstleistungen im Bereich Zoll und Au\u00dfenhandel etabliert. Ihr Hauptziel ist es, ein strategischer und verl\u00e4sslicher Partner zu sein, der seine Kunden bei jedem Schritt ihrer internationalen Gesch\u00e4fte begleitet. &nbsp; www.zollcon.de[\/vc_column_text][\/vc_column][vc_column animation_delay=&#8220;150&#8243; css_animation=&#8220;left-to-right&#8220; [&hellip;]<\/p>\n","protected":false},"author":1,"featured_media":0,"parent":0,"menu_order":0,"comment_status":"closed","ping_status":"closed","template":"page-vc.php","meta":{"footnotes":""},"class_list":["post-15066","page","type-page","status-publish","hentry"],"_links":{"self":[{"href":"https:\/\/aduacon.es\/de\/wp-json\/wp\/v2\/pages\/15066","targetHints":{"allow":["GET"]}}],"collection":[{"href":"https:\/\/aduacon.es\/de\/wp-json\/wp\/v2\/pages"}],"about":[{"href":"https:\/\/aduacon.es\/de\/wp-json\/wp\/v2\/types\/page"}],"author":[{"embeddable":true,"href":"https:\/\/aduacon.es\/de\/wp-json\/wp\/v2\/users\/1"}],"replies":[{"embeddable":true,"href":"https:\/\/aduacon.es\/de\/wp-json\/wp\/v2\/comments?post=15066"}],"version-history":[{"count":53,"href":"https:\/\/aduacon.es\/de\/wp-json\/wp\/v2\/pages\/15066\/revisions"}],"predecessor-version":[{"id":17866,"href":"https:\/\/aduacon.es\/de\/wp-json\/wp\/v2\/pages\/15066\/revisions\/17866"}],"wp:attachment":[{"href":"https:\/\/aduacon.es\/de\/wp-json\/wp\/v2\/media?parent=15066"}],"curies":[{"name":"wp","href":"https:\/\/api.w.org\/{rel}","templated":true}]}}