{"id":15790,"date":"2023-07-24T15:22:53","date_gmt":"2023-07-24T13:22:53","guid":{"rendered":"https:\/\/zollcon.attendere.de\/?page_id=15790"},"modified":"2025-05-25T19:30:17","modified_gmt":"2025-05-25T17:30:17","slug":"karriere","status":"publish","type":"page","link":"https:\/\/aduacon.es\/de\/karriere\/","title":{"rendered":"Karriere"},"content":{"rendered":"<section class=\"wpb-content-wrapper\"><p>[vc_row gap=&#8220;40&#8243; content_placement=&#8220;middle&#8220; css=&#8220;.vc_custom_1734017100822{padding-top: 56px !important;padding-bottom: 0px !important;}&#8220;][vc_column animation_delay=&#8220;0&#8243; offset=&#8220;vc_col-lg-6 vc_col-md-6 vc_col-xs-12&#8243;]<h6 class=\"et-highlight-title \" style=\"font-size:12px;font-weight:700;line-height:24px;letter-spacing:0.5px;color:#9a9a9a;\" data-mobile-font=\"inherit\" data-tablet-font=\"inherit\"><span class=\"title-inner\">Herzlich Willkommen<span class=\"highlight-line\" style=\"background-color:#aa151b;\"><\/span><\/span><\/h6><h3 id=\"et-animated-title-1\" class=\"et-animated-title et-clearfix  words-direct\" data-mobile-font=\"16px\" data-tablet-font=\"inherit\" data-delay=\"100\" style=\"font-size:42px;font-weight:700;line-height:50px;color:#212121;\"><span class=\"text-wrapper\"><span class=\"text\">Jobportal von Aduacon Mallorca S.L.<\/span><\/span><\/h3>[\/vc_column][\/vc_row][vc_row gap=&#8220;40&#8243; content_placement=&#8220;top&#8220; css=&#8220;.vc_custom_1734017017514{padding-top: 0px !important;padding-bottom: 0px !important;}&#8220;][vc_column animation_delay=&#8220;0&#8243; width=&#8220;1\/2&#8243; offset=&#8220;vc_col-lg-6 vc_col-md-6 vc_col-xs-12&#8243;][vc_column_text]Unser Erfolg als einer der f\u00fchrenden Anbieter im Zoll- und Handelsmanagement liegt in den H\u00e4nden unserer motivierten, engagierten und talentierten Mitarbeiter. Unsere vielf\u00e4ltigen und innovativen Dienstleistungen sind das Resultat des Know-hows und der Leidenschaft jedes einzelnen Teammitglieds.<\/p>\n<p>Bei Aduacon Mallorca S.L. bieten wir Ihnen nicht nur einen Job, sondern eine Karriere mit Zukunft. Egal ob Sie Ihre ersten Schritte im Berufsleben setzen oder bereits berufserfahren sind, wir bieten Ihnen vielseitige M\u00f6glichkeiten zur Weiterentwicklung und zum beruflichen Wachstum.[\/vc_column_text][\/vc_column][vc_column width=&#8220;1\/2&#8243;][vc_column_text]Werden Sie Teil unseres Teams und gestalten Sie gemeinsam mit uns die Zukunft. Wir sind gespannt auf Ihre F\u00e4higkeiten, Ideen und Ihren pers\u00f6nlichen Beitrag zu unserer Unternehmenskultur. Starten Sie Ihre Karriere bei der Aduacon Mallorca S.L. und lassen Sie uns gemeinsam neue Wege gehen!<\/p>\n<p>Betrachten Sie unsere aktuellen Stellenangebote, lernen Sie unsere Unternehmenskultur kennen und erfahren Sie, wie Sie mit Aduacon Mallorca S.L. Ihre beruflichen Tr\u00e4ume verwirklichen k\u00f6nnen.[\/vc_column_text][\/vc_column][\/vc_row][vc_row full_width=&#8220;stretch_row_content&#8220; gap=&#8220;0&#8243; equal_height=&#8220;yes&#8220; content_placement=&#8220;middle&#8220; video_bg_fixed=&#8220;true&#8220; css=&#8220;.vc_custom_1675179896524{background-color: #212121 !important;background-position: center !important;background-repeat: no-repeat !important;background-size: cover !important;}&#8220;][vc_column animation_delay=&#8220;0&#8243; under480_padding_left=&#8220;5%&#8220; under480_padding_right=&#8220;5%&#8220; over480_under_768_padding_left=&#8220;5%&#8220; over480_under_768_padding_right=&#8220;5%&#8220; over768_under_1024_padding_left=&#8220;10%&#8220; over768_under_1024_padding_right=&#8220;10%&#8220; over1024_under_1280_padding_left=&#8220;15%&#8220; over1024_under_1280_padding_right=&#8220;15%&#8220; over1280_under_1366_padding_left=&#8220;5%&#8220; over1280_under_1366_padding_right=&#8220;5%&#8220; over1366_under_1600_padding_left=&#8220;15%&#8220; over1366_under_1600_padding_right=&#8220;15%&#8220; css=&#8220;.vc_custom_1532184075295{padding-top: 72px !important;padding-right: 200px !important;padding-bottom: 72px !important;padding-left: 200px !important;}&#8220; offset=&#8220;vc_col-lg-6 vc_col-md-12 vc_col-xs-12&#8243;]<div class=\"et-braket-block-wrapper\"><style>#et-braket-block-1 .braket-title {font-size:64px;font-weight:700;line-height:72px;color:#ffffff;}#et-braket-block-1 .braket-sub-title {color:#ffffff;}#et-braket-block-1 .braket-button {color:#ffffff !important;}#et-braket-block-1 .braket-button:hover {color:#ffffff !important;}#et-braket-block-1 .braket-button:before {box-shadow:inset 0 0 0 1px #ffffff;}#et-braket-block-1 .braket-button:after {background-color:#aa151b;}#et-braket-block-1 .braket > div:first-child,\r\n\t\t\t\t\t\t#et-braket-block-1 .braket > div:last-child,\r\n\t\t\t\t\t\t#et-braket-block-1 .braket > div:nth-child(2) > span  {background-color:#aa151b;}<\/style><div id=\"et-braket-block-1\" data-delay=\"0\" class=\"et-braket-block right \"><div class=\"braket-block-inner et-clearfix\"><div class=\"braket\"><div><\/div><div><span><\/span><\/div><div><\/div><\/div><div class=\"braket-block-content\"><p class=\"braket-sub-title\">WIR BIETEN IHNEN<\/p><h1 class=\"braket-title\" data-mobile-font=\"32px\" data-tablet-font=\"inherit\">Ein Job f\u00fcrs Leben<\/h1><\/div><\/div><div class=\"braket-block-content text et-clearfix\"><div class=\"et-clearfix braket-block-content-inner\"><p><span style=\"color: #ffffff;\">Senden Sie uns Ihre Bewerbung f\u00fcr die unten aufgef\u00fchrten Stellen!<\/span><\/div><\/div><\/div><\/div>[\/vc_column][vc_column animation_delay=&#8220;0&#8243; parallax=&#8220;true&#8220; offset=&#8220;vc_col-lg-6 vc_col-md-12 vc_hidden-md vc_hidden-sm vc_col-xs-12 vc_hidden-xs&#8220; css=&#8220;.vc_custom_1673799603912{padding-top: 0px !important;}&#8220; parallax_image=&#8220;13997&#8243;]<div class=\"gap et-clearfix hide1279\" style=\"height:720px\"><\/div><div class=\"gap et-clearfix hide767 hide1280\" style=\"height:480px\"><\/div><div class=\"gap et-clearfix hide768\" style=\"height:280px\"><\/div>[\/vc_column][\/vc_row][vc_row full_width=&#8220;stretch_row&#8220;][vc_column][vc_tta_tabs][vc_tta_section title=&#8220;Zollsachbearbeiter \/ Speditionskaufmann\/-frau (m\/w\/d)&#8220; tab_id=&#8220;1705596163653-0b81ff86-8a22&#8243;][vc_row_inner][vc_column_inner][vc_column_text]Als Zoll- und Au\u00dfenwirtschaftsberatungsgesellschaft bieten wir unsere Dienstleistungen spanienweit an. Unser Kerngesch\u00e4ft ist die Beratung in allen Fragen des Zoll-, Pr\u00e4ferenzrechts sowie die Zolldienstleistung.<\/p>\n<p>Bei unseren Dienstleistungen stehen der Kunde, dessen Zollabfertigungen und die Abwicklung von Zollformalit\u00e4ten im Vordergrund.<\/p>\n<p><strong>Arbeitsort<\/strong>: Carrer d&#8217;Antoni Torrandell 13, 07620 Llucmajor<\/p>\n<p>Sind Sie begeistert vom internationalen Handel und von Zollverfahren? Kommen Sie in unser Team als Zollsachbearbeiter \/ Speditionskaufmann\/-frau und spielen eine Schl\u00fcsselrolle bei der Zollabfertigung und der Abwicklung von Zollverfahren!<\/p>\n<p><strong>Aufgaben u.a.:<\/strong><\/p>\n<ul>\n<li>Erstellung und Bearbeitung digitaler, genauer und vollst\u00e4ndiger Zollunterlagen f\u00fcr die Zollabfertigung von Waren<\/li>\n<li>Einreihung der Waren gem\u00e4\u00df dem Harmonisierten System<\/li>\n<li>Durchf\u00fchrung von Ausfuhrkontrollen<\/li>\n<li>Koordination und Kommunikation mit den Zollbeh\u00f6rden, um die Einhaltung von Vorschriften zu sichern<\/li>\n<li>Beratung unserer Kunden zu Zoll- und Au\u00dfenhandelsprozessen und -vorschriften<\/li>\n<li>Auftragsdokumentation und Rechnungserstellung<\/li>\n<li>Telefonische Kundenbetreuung<\/li>\n<li>Au\u00dferdem halten Sie sich fortlaufend \u00fcber \u00c4nderungen von Vorschriften und Handelsabkommen auf dem Laufenden<\/li>\n<\/ul>\n<p><strong>Ihr Profil:<\/strong><\/p>\n<ul>\n<li>Ausbildung in den Bereichen Au\u00dfenhandel, Logistik, Zoll oder \u00e4hnlichen Bereichen<\/li>\n<li>Erfahrung in der Zollabfertigung<\/li>\n<li>Kenntnisse der Zollvorschriften und des Harmonisierten Systems<\/li>\n<li>Gute Kenntnisse in MS Office. Erfahrung mit Software f\u00fcr die Zollabfertigung ist von Vorteil.<\/li>\n<li>Sehr gute Kommunikationsf\u00e4higkeiten<\/li>\n<li>F\u00e4higkeit, selbstst\u00e4ndig sowie im Team zu arbeiten<\/li>\n<li>Gutes Spanisch. Englisch und\/oder Deutsch sind von Vorteil<\/li>\n<\/ul>\n<p><strong>Wir bieten:<\/strong><\/p>\n<ul>\n<li>Sie haben die M\u00f6glichkeit, Teil eines dynamischen und erfolgsorientierten Teams zu sein<\/li>\n<li>Berufliche Entwicklung und Wachstumschancen<\/li>\n<li>Wettbewerbsf\u00e4hige Verg\u00fctung<\/li>\n<li>Fortlaufende Weiterbildung<\/li>\n<\/ul>\n<p>Wenn Sie f\u00fcr eine spannende Herausforderung in der Welt des internationalen Handels und Zolls bereit sind, freuen wir uns auf Ihre Bewerbung! Senden Sie Ihren Lebenslauf und Ihr Anschreiben an <a href=\"mailto:administracion@aduacon.es\">administracion@aduacon.es<\/a>.[\/vc_column_text][\/vc_column_inner][\/vc_row_inner][\/vc_tta_section][\/vc_tta_tabs][\/vc_column][\/vc_row]<\/p>\n<\/section>","protected":false},"excerpt":{"rendered":"<p>[vc_row gap=&#8220;40&#8243; content_placement=&#8220;middle&#8220; css=&#8220;.vc_custom_1734017100822{padding-top: 56px !important;padding-bottom: 0px !important;}&#8220;][vc_column animation_delay=&#8220;0&#8243; offset=&#8220;vc_col-lg-6 vc_col-md-6 vc_col-xs-12&#8243;][\/vc_column][\/vc_row][vc_row gap=&#8220;40&#8243; content_placement=&#8220;top&#8220; css=&#8220;.vc_custom_1734017017514{padding-top: 0px !important;padding-bottom: 0px !important;}&#8220;][vc_column animation_delay=&#8220;0&#8243; width=&#8220;1\/2&#8243; offset=&#8220;vc_col-lg-6 vc_col-md-6 vc_col-xs-12&#8243;][vc_column_text]Unser Erfolg als einer der f\u00fchrenden Anbieter im Zoll- und Handelsmanagement liegt in den H\u00e4nden unserer motivierten, engagierten und talentierten Mitarbeiter. Unsere vielf\u00e4ltigen und innovativen Dienstleistungen sind das Resultat des Know-hows und [&hellip;]<\/p>\n","protected":false},"author":1,"featured_media":0,"parent":0,"menu_order":0,"comment_status":"closed","ping_status":"closed","template":"page-vc.php","meta":{"footnotes":""},"class_list":["post-15790","page","type-page","status-publish","hentry"],"_links":{"self":[{"href":"https:\/\/aduacon.es\/de\/wp-json\/wp\/v2\/pages\/15790","targetHints":{"allow":["GET"]}}],"collection":[{"href":"https:\/\/aduacon.es\/de\/wp-json\/wp\/v2\/pages"}],"about":[{"href":"https:\/\/aduacon.es\/de\/wp-json\/wp\/v2\/types\/page"}],"author":[{"embeddable":true,"href":"https:\/\/aduacon.es\/de\/wp-json\/wp\/v2\/users\/1"}],"replies":[{"embeddable":true,"href":"https:\/\/aduacon.es\/de\/wp-json\/wp\/v2\/comments?post=15790"}],"version-history":[{"count":22,"href":"https:\/\/aduacon.es\/de\/wp-json\/wp\/v2\/pages\/15790\/revisions"}],"predecessor-version":[{"id":17891,"href":"https:\/\/aduacon.es\/de\/wp-json\/wp\/v2\/pages\/15790\/revisions\/17891"}],"wp:attachment":[{"href":"https:\/\/aduacon.es\/de\/wp-json\/wp\/v2\/media?parent=15790"}],"curies":[{"name":"wp","href":"https:\/\/api.w.org\/{rel}","templated":true}]}}