{"id":15799,"date":"2023-07-24T15:33:07","date_gmt":"2023-07-24T13:33:07","guid":{"rendered":"https:\/\/zollcon.attendere.de\/?page_id=15799"},"modified":"2024-12-18T10:55:50","modified_gmt":"2024-12-18T09:55:50","slug":"nachhaltigkeit","status":"publish","type":"page","link":"https:\/\/aduacon.es\/de\/nachhaltigkeit\/","title":{"rendered":"Nachhaltigkeit"},"content":{"rendered":"<section class=\"wpb-content-wrapper\"><p>[vc_row gap=&#8220;40&#8243; content_placement=&#8220;middle&#8220; css=&#8220;.vc_custom_1734450891694{padding-top: 56px !important;padding-bottom: 48px !important;}&#8220;][vc_column animation_delay=&#8220;0&#8243; width=&#8220;2\/3&#8243; offset=&#8220;vc_col-lg-6 vc_col-md-6 vc_col-xs-12&#8243;]<h6 class=\"et-highlight-title \" style=\"font-size:12px;font-weight:700;line-height:24px;letter-spacing:0.5px;color:#9a9a9a;\" data-mobile-font=\"inherit\" data-tablet-font=\"inherit\"><span class=\"title-inner\">Umwelt \/ Menschenrechte:<span class=\"highlight-line\" style=\"background-color:#AA151B;\"><\/span><\/span><\/h6><h3 id=\"et-animated-title-1\" class=\"et-animated-title et-clearfix  words-direct\" data-mobile-font=\"16px\" data-tablet-font=\"inherit\" data-delay=\"100\" style=\"font-size:42px;font-weight:700;line-height:50px;color:#212121;\"><span class=\"text-wrapper\"><span class=\"text\">Nachhaltigkeit: mehr als ein Trend<br \/>\n<\/span><\/span><\/h3><div class=\"gap et-clearfix \" style=\"height:32px\"><\/div>[vc_column_text]Nachhaltigkeit ist zu einem zentralen Wert in unserem Leben und unseren Unternehmen geworden. Heute geht es nicht mehr nur um den schonenden Umgang mit Ressourcen, sondern auch um soziale und \u00f6kologische Aspekte, die unsere allt\u00e4glichen und gesch\u00e4ftlichen Entscheidungen bestimmen.<\/p>\n<p>Zu Hause und bei der Arbeit werden unsere Entscheidungen von Nachhaltigkeit bestimmt: von der M\u00fclltrennung bis hin zur Entscheidung f\u00fcr einen Transport, der die Umwelt m\u00f6glichst wenig belastet. Dieses Engagement geht \u00fcber eine einfache pers\u00f6nliche Vorliebe hinaus; es ist ein neuer Standard, der Sparsamkeit, Effizienz und Umweltverantwortung miteinander verbindet.<\/p>\n<p>Nachhaltigkeit ist nicht l\u00e4nger eine Alternative, sondern ein Weg in eine ausgewogene Zukunft.<\/p>\n<p><strong>Unsere Mission: Mehrwert f\u00fcr Ihr Unternehmen<\/strong><\/p>\n<p>Bei Aduacon Mallorca S.L. ist unsere Mission, Unternehmen bei der umfassenden Umsetzung von Nachhaltigkeitsgesetzen wie dem \u201eCarbon Border Adjustment Mechanism\u201c (CBAM) und dem Gesetz \u00fcber Abf\u00e4lle und kontaminierte B\u00f6den zu begleiten und dabei die wirtschaftliche Effizienz zu wahren. Wir helfen nicht nur bei der Einhaltung von Vorschriften, sondern identifizieren auch nachhaltige Gesch\u00e4ftsm\u00f6glichkeiten.<\/p>\n<p>Wir wissen, dass zum Erreichen echter CO\u2082-Neutralit\u00e4t viel mehr geh\u00f6rt als nur Kompensationen. Wir bewerten die gesamte Lieferkette, von den Emissionen der Lieferanten \u00fcber die Transportwege bis hin zum CO2-Fu\u00dfabdruck der Produktion und der verwendeten Ger\u00e4te. Unser ganzheitlicher Ansatz erm\u00f6glicht es unseren Kunden, ihre Umweltauswirkungen wirklich zu reduzieren.[\/vc_column_text][\/vc_column][vc_column animation_delay=&#8220;0&#8243; css_animation=&#8220;none&#8220; width=&#8220;1\/3&#8243; offset=&#8220;vc_col-lg-6 vc_col-md-6 vc_col-xs-12&#8243;]<div class=\"gap et-clearfix \" style=\"height:32px\"><\/div><div data-curtain=\"false\" data-preloader=\"false\" data-decoration=\"true\" data-decoration-size=\"large\" data-animation-delay=\"0\" data-parallax=\"false\" data-coordinatex=\"0\" data-coordinatey=\"0\" data-speed=\"1\" class=\"et-custom-image  alignnone overlay-fade curtain-left\"><div class=\"overlay-hover\"><div class=\"image\"><div class=\"image-container\"><img loading=\"lazy\" decoding=\"async\" width=\"960\" height=\"600\" src=\"https:\/\/aduacon.es\/wp-content\/uploads\/Zollcon-Nachhaltigkeit-960x600-1.jpg\" alt=\"\"><\/div><\/div><\/div><\/div>[vc_column_text]Mit unserer umfangreichen Erfahrung im internationalen Handel und Zollwesen verstehen wir die Komplexit\u00e4t von Lieferketten und helfen, diese zu optimieren. Dabei achten wir nicht nur die Umwelt, sondern auch die Menschenrechte in jeder Phase des Prozesses. Wir sind der Meinung, dass die Achtung der Menschenrechte bei gesch\u00e4ftlichen Entscheidungen, unabh\u00e4ngig vom Sektor, unerl\u00e4sslich ist.<\/p>\n<p><strong>Engagement f\u00fcr Nachhaltigkeit: Auf dem Weg in eine verantwortungsvolle Zukunft<\/strong><\/p>\n<p>Unser Engagement erstreckt sich auf alle Schl\u00fcsselbereiche der Nachhaltigkeit:<\/p>\n<ul>\n<li>CBAM (Carbon Border Adjustment Mechanism)<\/li>\n<li>EUDR (EU-Verordnung zur Vermeidung von Entwaldung)<\/li>\n<li>CSRD (Verordnung \u00fcber die Nachhaltigkeitsberichterstattung von Unternehmen)<\/li>\n<li>H-FCKW (Fluorierte Treibhausgase)<\/li>\n<\/ul>\n<p>Wir bieten Technologiel\u00f6sungen, Strategien, Schulungen und Analysetools zur Reduzierung von Kosten und Emissionen im internationalen Handel und tragen so aktiv zu einer nachhaltigeren Zukunft bei.[\/vc_column_text][\/vc_column][\/vc_row][vc_row full_width=&#8220;stretch_row&#8220;][vc_column width=&#8220;1\/2&#8243;]<div class=\"gap et-clearfix \" style=\"height:32px\"><\/div>[\/vc_column][vc_column width=&#8220;1\/2&#8243;]<div class=\"gap et-clearfix \" style=\"height:32px\"><\/div>[\/vc_column][\/vc_row][vc_row][vc_column width=&#8220;1\/4&#8243;]<div data-curtain=\"false\" data-preloader=\"false\" data-decoration=\"true\" data-decoration-size=\"small\" data-animation-delay=\"0\" data-parallax=\"false\" data-coordinatex=\"0\" data-coordinatey=\"0\" data-speed=\"1\" class=\"et-custom-image  alignnone overlay-none curtain-left\"><div class=\"overlay-hover\"><div class=\"image\"><div class=\"image-container\"><img loading=\"lazy\" decoding=\"async\" width=\"384\" height=\"384\" src=\"https:\/\/aduacon.es\/wp-content\/uploads\/20241110_103224-384x384.jpg\" alt=\"\"><\/div><\/div><\/div><\/div><div class=\"gap et-clearfix \" style=\"height:32px\"><\/div><div class=\"gap et-clearfix \" style=\"height:32px\"><\/div>[\/vc_column][vc_column width=&#8220;3\/4&#8243;]<h6 class=\"et-highlight-title \" style=\"font-size:12px;font-weight:700;line-height:24px;letter-spacing:0.5px;color:#9a9a9a;\" data-mobile-font=\"inherit\" data-tablet-font=\"inherit\"><span class=\"title-inner\">H\u00f6chstm\u00f6gliche Energieeffizienz<span class=\"highlight-line\" style=\"background-color:#aa151b;\"><\/span><\/span><\/h6><h3 id=\"et-animated-title-2\" class=\"et-animated-title et-clearfix  words-direct\" data-mobile-font=\"16px\" data-tablet-font=\"inherit\" data-delay=\"100\" style=\"font-size:42px;font-weight:700;line-height:50px;letter-spacing:Unsere eigenen Ma\u00dfnahmenpx;color:#212121;\"><span class=\"text-wrapper\"><span class=\"text\">Unsere eigenen Ma\u00dfnahmen<\/span><\/span><\/h3><div class=\"gap et-clearfix \" style=\"height:32px\"><\/div>[vc_column_text]Unser B\u00fcro in Llucmajor wird 2023\/2024 komplett renoviert und auf die h\u00f6chsten Energieeffizienzstandards gebracht. F\u00fcr 2026 planen wir eine Erweiterung unserer Einrichtungen, um eine vollst\u00e4ndig autonome Energiequelle zu erreichen.<\/p>\n<p>Wir reduzieren nicht nur unsere direkten Emissionen, sondern ber\u00fccksichtigen auch die \u201egrauen Emissionen\u201c, wenn wir Ger\u00e4te und Ressourcen kaufen, und sind stets bem\u00fcht, unsere Umweltauswirkungen in jedem Aspekt unserer T\u00e4tigkeit zu minimieren.[\/vc_column_text][\/vc_column][\/vc_row]<\/p>\n<\/section>","protected":false},"excerpt":{"rendered":"<p>[vc_row gap=&#8220;40&#8243; content_placement=&#8220;middle&#8220; css=&#8220;.vc_custom_1734450891694{padding-top: 56px !important;padding-bottom: 48px !important;}&#8220;][vc_column animation_delay=&#8220;0&#8243; width=&#8220;2\/3&#8243; offset=&#8220;vc_col-lg-6 vc_col-md-6 vc_col-xs-12&#8243;][vc_column_text]Nachhaltigkeit ist zu einem zentralen Wert in unserem Leben und unseren Unternehmen geworden. Heute geht es nicht mehr nur um den schonenden Umgang mit Ressourcen, sondern auch um soziale und \u00f6kologische Aspekte, die unsere allt\u00e4glichen und gesch\u00e4ftlichen Entscheidungen bestimmen. Zu Hause und bei [&hellip;]<\/p>\n","protected":false},"author":1,"featured_media":0,"parent":0,"menu_order":0,"comment_status":"closed","ping_status":"closed","template":"page-vc.php","meta":{"footnotes":""},"class_list":["post-15799","page","type-page","status-publish","hentry"],"_links":{"self":[{"href":"https:\/\/aduacon.es\/de\/wp-json\/wp\/v2\/pages\/15799","targetHints":{"allow":["GET"]}}],"collection":[{"href":"https:\/\/aduacon.es\/de\/wp-json\/wp\/v2\/pages"}],"about":[{"href":"https:\/\/aduacon.es\/de\/wp-json\/wp\/v2\/types\/page"}],"author":[{"embeddable":true,"href":"https:\/\/aduacon.es\/de\/wp-json\/wp\/v2\/users\/1"}],"replies":[{"embeddable":true,"href":"https:\/\/aduacon.es\/de\/wp-json\/wp\/v2\/comments?post=15799"}],"version-history":[{"count":41,"href":"https:\/\/aduacon.es\/de\/wp-json\/wp\/v2\/pages\/15799\/revisions"}],"predecessor-version":[{"id":17858,"href":"https:\/\/aduacon.es\/de\/wp-json\/wp\/v2\/pages\/15799\/revisions\/17858"}],"wp:attachment":[{"href":"https:\/\/aduacon.es\/de\/wp-json\/wp\/v2\/media?parent=15799"}],"curies":[{"name":"wp","href":"https:\/\/api.w.org\/{rel}","templated":true}]}}