{"id":15873,"date":"2023-08-24T15:40:46","date_gmt":"2023-08-24T13:40:46","guid":{"rendered":"http:\/\/172.28.249.1\/?page_id=15873"},"modified":"2025-01-15T16:32:26","modified_gmt":"2025-01-15T15:32:26","slug":"beratung","status":"publish","type":"page","link":"https:\/\/aduacon.es\/de\/beratung\/","title":{"rendered":"Beratung"},"content":{"rendered":"<section class=\"wpb-content-wrapper\"><p>[vc_row gap=&#8220;40&#8243; content_placement=&#8220;middle&#8220; css=&#8220;.vc_custom_1681973037172{padding-top: 56px !important;padding-bottom: 48px !important;}&#8220;][vc_column animation_delay=&#8220;0&#8243; offset=&#8220;vc_col-lg-6 vc_col-md-6 vc_col-xs-12&#8243;]<h6 class=\"et-highlight-title \" style=\"font-size:12px;font-weight:700;line-height:24px;letter-spacing:0.5px;color:#9a9a9a;\" data-mobile-font=\"inherit\" data-tablet-font=\"inherit\"><span class=\"title-inner\">Unsere Erfahrung macht den Unterschied<span class=\"highlight-line\" style=\"background-color:#aa151b;\"><\/span><\/span><\/h6><h3 id=\"et-animated-title-1\" class=\"et-animated-title et-clearfix  words-direct\" data-mobile-font=\"16px\" data-tablet-font=\"inherit\" data-delay=\"100\" style=\"font-size:42px;font-weight:700;line-height:50px;color:#212121;\"><span class=\"text-wrapper\"><span class=\"text\">Zoll- und Au\u00dfenwirtschaftsberatung<\/span><\/span><\/h3><div class=\"gap et-clearfix \" style=\"height:24px\"><\/div>[vc_column_text]Wir beraten Sie individuell und allumfassend in allen Bereichen des Au\u00dfenhandels und den damit in Verbindung stehenden Nachhaltigkeitsthemen sowie den US-Themen USMCA (vormals NAFTA) und Reexportkontrolle. Mit unseren Fachanw\u00e4lten f\u00fcr Steuer- und Strafrecht k\u00f6nnen wir Sie auch im Rahmen von Strafverfahren sicher begleiten. Wir beraten Sie stets mit dem Fokus auf die Erhaltung der Wirtschaftlichkeit im Rahmen der Erf\u00fcllung der Notwendigkeiten. Dazu Geh\u00f6rt, die internen Abl\u00e4ufe zu optimieren, um in Verbindung mit der Pr\u00fcfung der Zollanmeldung Einsparungen zu generieren oder zuk\u00fcnftige Ausgaben durch Bu\u00dfgeld- und Strafverfahren zu vermeiden und Ihre Interessen bei Au\u00dfenpr\u00fcfungen durch die Zollbeh\u00f6rden zu vertreten. Durch unser spanisches Tochterunternehmen und unsere Partner in der Schweiz und in Gro\u00dfbritannien k\u00f6nnen wir unsere folgenden Leistungen auch grenz\u00fcberschreitend anbieten.[\/vc_column_text][\/vc_column][vc_column animation_delay=&#8220;150&#8243; css_animation=&#8220;left-to-right&#8220; offset=&#8220;vc_col-lg-6 vc_col-md-6 vc_col-xs-12&#8243; el_class=&#8220;text767-align-center&#8220;]<div data-curtain=\"false\" data-preloader=\"false\" data-decoration=\"true\" data-decoration-size=\"large\" data-animation-delay=\"0\" data-parallax=\"false\" data-coordinatex=\"0\" data-coordinatey=\"0\" data-speed=\"1\" class=\"et-custom-image  alignnone overlay-fade curtain-left\"><div class=\"overlay-hover\"><div class=\"image\"><div class=\"image-container\"><img loading=\"lazy\" decoding=\"async\" width=\"1146\" height=\"1146\" src=\"https:\/\/aduacon.es\/wp-content\/uploads\/andreasUCS_photography_of_cargo_port_2244279e-c84e-4c22-ac57-0c49c1af9678.png\" alt=\"\"><\/div><\/div><\/div><\/div><div class=\"gap et-clearfix \" style=\"height:32px\"><\/div><div class=\"gap et-clearfix \" style=\"height:32px\"><\/div>[\/vc_column][\/vc_row][vc_row css=&#8220;.vc_custom_1692890377673{background-color: #ededed !important;}&#8220;][vc_column width=&#8220;1\/2&#8243;]<ul class=\"et-list-icon  small\"><li ><div class=\"icon-wrap\"><div class=\"icon small\" style=\"\"><span class=\"small fa fa-circle\"><\/span><\/div><\/div><div>Ausfuhrkontrolle ES \/ DE \/ EU \/ US<\/div><\/li><li ><div class=\"icon-wrap\"><div class=\"icon small\" style=\"\"><span class=\"small fa fa-circle\"><\/span><\/div><\/div><div>Au\u00dfenwirtschaft- und Zollberatung<\/div><\/li><li ><div class=\"icon-wrap\"><div class=\"icon small\" style=\"\"><span class=\"small fa fa-circle\"><\/span><\/div><\/div><div>Authorized Economic Operator \/ AEO- Beantragung<\/div><\/li><li ><div class=\"icon-wrap\"><div class=\"icon small\" style=\"\"><span class=\"small fa fa-circle\"><\/span><\/div><\/div><div>Beantragung \u201eAutonomer Zollaussetzungen\u201c<\/div><\/li><li ><div class=\"icon-wrap\"><div class=\"icon small\" style=\"\"><span class=\"small fa fa-circle\"><\/span><\/div><\/div><div>Beantragung vereinfachter Zollverfahren<\/div><\/li><li ><div class=\"icon-wrap\"><div class=\"icon small\" style=\"\"><span class=\"small fa fa-circle\"><\/span><\/div><\/div><div>Beantragung von verbindlichen Zolltarifausk\u00fcnften, Formulierung von Einspr\u00fcchen gegen erteilte vZTA\u2019s<\/div><\/li><li ><div class=\"icon-wrap\"><div class=\"icon small\" style=\"\"><span class=\"small fa fa-circle\"><\/span><\/div><\/div><div>Bekannter Versender Luftsicherheit \/ bV- Beantragung<\/div><\/li><li ><div class=\"icon-wrap\"><div class=\"icon small\" style=\"\"><span class=\"small fa fa-circle\"><\/span><\/div><\/div><div>Bu\u00dfgeld-, Straf- und Einspruchsverfahren, Rechtsberatung durch unsere Fachanw\u00e4lte<\/div><\/li><li ><div class=\"icon-wrap\"><div class=\"icon small\" style=\"\"><span class=\"small fa fa-circle\"><\/span><\/div><\/div><div>Zolllagerabwicklung<\/div><\/li><li ><div class=\"icon-wrap\"><div class=\"icon small\" style=\"\"><span class=\"small fa fa-circle\"><\/span><\/div><\/div><div>Umsatzsteuerrecht durch unsere Steuerberater und Steuerrechtsanw\u00e4lte<\/div><\/li><\/ul>[\/vc_column][vc_column width=&#8220;1\/2&#8243;]<ul class=\"et-list-icon  small\"><li ><div class=\"icon-wrap\"><div class=\"icon small\" style=\"\"><span class=\"small fa fa-circle\"><\/span><\/div><\/div><div>Einreihung von Waren in die Kombinierte Nomenklatur (Zolltarifnummer)<\/div><\/li><li ><div class=\"icon-wrap\"><div class=\"icon small\" style=\"\"><span class=\"small fa fa-circle\"><\/span><\/div><\/div><div>Erstellung, \u00dcberarbeitung und \u00dcberwachung betrieblicher und organisatorischer Verfahren, um eine effiziente und genaue Umsetzung zu gew\u00e4hrleisten<\/div><\/li><li ><div class=\"icon-wrap\"><div class=\"icon small\" style=\"\"><span class=\"small fa fa-circle\"><\/span><\/div><\/div><div>Lieferkettensorgfaltspflichtengesetz<\/div><\/li><li ><div class=\"icon-wrap\"><div class=\"icon small\" style=\"\"><span class=\"small fa fa-circle\"><\/span><\/div><\/div><div>Softwarel\u00f6sungen f\u00fcr die Au\u00dfenhandelsabwicklung<\/div><\/li><li ><div class=\"icon-wrap\"><div class=\"icon small\" style=\"\"><span class=\"small fa fa-circle\"><\/span><\/div><\/div><div>Pr\u00e4ferenzabwicklung EU \/ NAFTA (USMCA)<\/div><\/li><li ><div class=\"icon-wrap\"><div class=\"icon small\" style=\"\"><span class=\"small fa fa-circle\"><\/span><\/div><\/div><div>Strukturierung und (Re-) Organisation von Au\u00dfenhandelsbereichen, Empfehlungen zur Einsparung von Kosten<\/div><\/li><li ><div class=\"icon-wrap\"><div class=\"icon small\" style=\"\"><span class=\"small fa fa-circle\"><\/span><\/div><\/div><div>Erreichung des Soll- Zustands<\/div><\/li><li ><div class=\"icon-wrap\"><div class=\"icon small\" style=\"\"><span class=\"small fa fa-circle\"><\/span><\/div><\/div><div>Durchf\u00fchrung von Zoll- und Au\u00dfenhandelsaudits zur Aufnahme des Ist-Zustandes unter Einbeziehung aller dazugeh\u00f6rigen Abteilungen (u.a. Einkauf, Logistik, Vertrieb, Buchhaltung\/ Controlling, Entwicklung)<\/div><\/li><\/ul>[\/vc_column][\/vc_row]<\/p>\n<\/section>","protected":false},"excerpt":{"rendered":"<p>[vc_row gap=&#8220;40&#8243; content_placement=&#8220;middle&#8220; css=&#8220;.vc_custom_1681973037172{padding-top: 56px !important;padding-bottom: 48px !important;}&#8220;][vc_column animation_delay=&#8220;0&#8243; offset=&#8220;vc_col-lg-6 vc_col-md-6 vc_col-xs-12&#8243;][vc_column_text]Wir beraten Sie individuell und allumfassend in allen Bereichen des Au\u00dfenhandels und den damit in Verbindung stehenden Nachhaltigkeitsthemen sowie den US-Themen USMCA (vormals NAFTA) und Reexportkontrolle. Mit unseren Fachanw\u00e4lten f\u00fcr Steuer- und Strafrecht k\u00f6nnen wir Sie auch im Rahmen von Strafverfahren sicher begleiten. Wir [&hellip;]<\/p>\n","protected":false},"author":1,"featured_media":0,"parent":0,"menu_order":0,"comment_status":"closed","ping_status":"closed","template":"","meta":{"footnotes":""},"class_list":["post-15873","page","type-page","status-publish","hentry"],"_links":{"self":[{"href":"https:\/\/aduacon.es\/de\/wp-json\/wp\/v2\/pages\/15873","targetHints":{"allow":["GET"]}}],"collection":[{"href":"https:\/\/aduacon.es\/de\/wp-json\/wp\/v2\/pages"}],"about":[{"href":"https:\/\/aduacon.es\/de\/wp-json\/wp\/v2\/types\/page"}],"author":[{"embeddable":true,"href":"https:\/\/aduacon.es\/de\/wp-json\/wp\/v2\/users\/1"}],"replies":[{"embeddable":true,"href":"https:\/\/aduacon.es\/de\/wp-json\/wp\/v2\/comments?post=15873"}],"version-history":[{"count":30,"href":"https:\/\/aduacon.es\/de\/wp-json\/wp\/v2\/pages\/15873\/revisions"}],"predecessor-version":[{"id":17882,"href":"https:\/\/aduacon.es\/de\/wp-json\/wp\/v2\/pages\/15873\/revisions\/17882"}],"wp:attachment":[{"href":"https:\/\/aduacon.es\/de\/wp-json\/wp\/v2\/media?parent=15873"}],"curies":[{"name":"wp","href":"https:\/\/api.w.org\/{rel}","templated":true}]}}