{"id":15898,"date":"2023-08-24T16:18:16","date_gmt":"2023-08-24T14:18:16","guid":{"rendered":"http:\/\/172.28.249.1\/?page_id=15898"},"modified":"2024-12-17T15:21:17","modified_gmt":"2024-12-17T14:21:17","slug":"zollanmeldungen","status":"publish","type":"page","link":"https:\/\/aduacon.es\/de\/zollanmeldungen\/","title":{"rendered":"Zollanmeldungen"},"content":{"rendered":"<section class=\"wpb-content-wrapper\"><p>[vc_row gap=&#8220;40&#8243; content_placement=&#8220;middle&#8220; css=&#8220;.vc_custom_1681973037172{padding-top: 56px !important;padding-bottom: 48px !important;}&#8220;][vc_column animation_delay=&#8220;0&#8243; offset=&#8220;vc_col-lg-6 vc_col-md-6 vc_col-xs-12&#8243;]<h6 class=\"et-highlight-title \" style=\"font-size:12px;font-weight:700;line-height:24px;letter-spacing:0.5px;color:#9a9a9a;\" data-mobile-font=\"inherit\" data-tablet-font=\"inherit\"><span class=\"title-inner\">H\u00f6chste Qualit\u00e4t<span class=\"highlight-line\" style=\"background-color:#aa151b;\"><\/span><\/span><\/h6><h3 id=\"et-animated-title-1\" class=\"et-animated-title et-clearfix  words-direct\" data-mobile-font=\"16px\" data-tablet-font=\"inherit\" data-delay=\"100\" style=\"font-size:42px;font-weight:700;line-height:50px;color:#212121;\"><span class=\"text-wrapper\"><span class=\"text\">Einfuhr- und Ausfuhranmeldung<\/span><\/span><\/h3><div class=\"gap et-clearfix \" style=\"height:24px\"><\/div>[vc_column_text]Wir \u00fcbernehmen die Einfuhranmeldungen und Ausfuhranmeldungen Ihrer Waren nicht nur dauerhaft, sondern bieten diese Leistungen auch als Interimsl\u00f6sungen im Urlaubs- oder Krankheitsfall an. Dabei arbeiten wir entweder in unseren eigenen Systemen oder auch in Ihrem.<\/p>\n<p>Durch regelm\u00e4\u00dfige Fortbildungsma\u00dfnahmen unserer Mitarbeiter und dem laufenden Austausch im Tagesgesch\u00e4ft zwischen Zollabfertigung und Zollberatung k\u00f6nnen wir garantieren, dass Ihre Zollanmeldungen den rechtlichen Anforderungen entsprechen und Sie sich nicht um zuk\u00fcnftige Zoll- und Au\u00dfenwirtschaftspr\u00fcfungen sorgen m\u00fcssen. Neben den Zollabfertigungen, \u00fcbernehmen wir auch gerne die Anforderung Ihrer Lieferantenerkl\u00e4rungen.[\/vc_column_text][\/vc_column][vc_column animation_delay=&#8220;150&#8243; css_animation=&#8220;left-to-right&#8220; offset=&#8220;vc_col-lg-6 vc_col-md-6 vc_col-xs-12&#8243; el_class=&#8220;text767-align-center&#8220;]<div data-curtain=\"false\" data-preloader=\"false\" data-decoration=\"true\" data-decoration-size=\"large\" data-animation-delay=\"0\" data-parallax=\"false\" data-coordinatex=\"0\" data-coordinatey=\"0\" data-speed=\"1\" class=\"et-custom-image  alignnone overlay-fade curtain-left\"><div class=\"overlay-hover\"><div class=\"image\"><div class=\"image-container\"><img loading=\"lazy\" decoding=\"async\" width=\"1024\" height=\"1024\" src=\"https:\/\/aduacon.es\/wp-content\/uploads\/Novasem-16.png\" alt=\"\"><\/div><\/div><\/div><\/div><div class=\"gap et-clearfix \" style=\"height:32px\"><\/div><div class=\"gap et-clearfix \" style=\"height:32px\"><\/div>[\/vc_column][\/vc_row][vc_row css=&#8220;.vc_custom_1692890678749{background-color: #efefef !important;}&#8220;][vc_column width=&#8220;1\/2&#8243;]<ul class=\"et-list-icon  small\"><li ><div class=\"icon-wrap\"><div class=\"icon small\" style=\"\"><span class=\"small fa fa-circle\"><\/span><\/div><\/div><div>Aktive und Passive Veredelung<\/div><\/li><li ><div class=\"icon-wrap\"><div class=\"icon small\" style=\"\"><span class=\"small fa fa-circle\"><\/span><\/div><\/div><div>Anforderung, Pr\u00fcfung und Ausstellung von Lieferantenerkl\u00e4rungen<\/div><\/li><li ><div class=\"icon-wrap\"><div class=\"icon small\" style=\"\"><span class=\"small fa fa-circle\"><\/span><\/div><\/div><div>Antragstellung auf Nacherhebung und Erstattung\/Erlass von Eingangsabgaben<\/div><\/li><li ><div class=\"icon-wrap\"><div class=\"icon small\" style=\"\"><span class=\"small fa fa-circle\"><\/span><\/div><\/div><div>Ausfuhranmeldungen<\/div><\/li><li ><div class=\"icon-wrap\"><div class=\"icon small\" style=\"\"><span class=\"small fa fa-circle\"><\/span><\/div><\/div><div>Besondere Verwendungen<\/div><\/li><li ><div class=\"icon-wrap\"><div class=\"icon small\" style=\"\"><span class=\"small fa fa-circle\"><\/span><\/div><\/div><div>Einfuhranmeldungen<\/div><\/li><li ><div class=\"icon-wrap\"><div class=\"icon small\" style=\"\"><span class=\"small fa fa-circle\"><\/span><\/div><\/div><div>Personenembargopr\u00fcfung<\/div><\/li><li ><div class=\"icon-wrap\"><div class=\"icon small\" style=\"\"><span class=\"small fa fa-circle\"><\/span><\/div><\/div><div>Vor\u00fcbergehende Verwendung<\/div><\/li><\/ul>[\/vc_column][vc_column width=&#8220;1\/2&#8243;]<ul class=\"et-list-icon  small\"><li ><div class=\"icon-wrap\"><div class=\"icon small\" style=\"\"><span class=\"small fa fa-circle\"><\/span><\/div><\/div><div>Pr\u00e4ferenzkalkulation<\/div><\/li><li ><div class=\"icon-wrap\"><div class=\"icon small\" style=\"\"><span class=\"small fa fa-circle\"><\/span><\/div><\/div><div>Pr\u00fcfung Ihrer Einfuhranmeldungen<\/div><\/li><li ><div class=\"icon-wrap\"><div class=\"icon small\" style=\"\"><span class=\"small fa fa-circle\"><\/span><\/div><\/div><div>Pr\u00fcfung und Aktualisierung von Au\u00dfenhandelsstammdaten<\/div><\/li><li ><div class=\"icon-wrap\"><div class=\"icon small\" style=\"\"><span class=\"small fa fa-circle\"><\/span><\/div><\/div><div>Pr\u00fcfung von Waren auf Ein- oder Ausfuhrf\u00e4higkeit (L\u00e4nderembargos, Dual-Use, R\u00fcstung)<\/div><\/li><li ><div class=\"icon-wrap\"><div class=\"icon small\" style=\"\"><span class=\"small fa fa-circle\"><\/span><\/div><\/div><div>Reparaturlieferungen<\/div><\/li><li ><div class=\"icon-wrap\"><div class=\"icon small\" style=\"\"><span class=\"small fa fa-circle\"><\/span><\/div><\/div><div>\u00dcberwachung vereinfachter Zollverfahren<\/div><\/li><li ><div class=\"icon-wrap\"><div class=\"icon small\" style=\"\"><span class=\"small fa fa-circle\"><\/span><\/div><\/div><div>Umwandlungsverfahren<\/div><\/li><\/ul>[\/vc_column][\/vc_row]<\/p>\n<\/section>","protected":false},"excerpt":{"rendered":"<p>[vc_row gap=&#8220;40&#8243; content_placement=&#8220;middle&#8220; css=&#8220;.vc_custom_1681973037172{padding-top: 56px !important;padding-bottom: 48px !important;}&#8220;][vc_column animation_delay=&#8220;0&#8243; offset=&#8220;vc_col-lg-6 vc_col-md-6 vc_col-xs-12&#8243;][vc_column_text]Wir \u00fcbernehmen die Einfuhranmeldungen und Ausfuhranmeldungen Ihrer Waren nicht nur dauerhaft, sondern bieten diese Leistungen auch als Interimsl\u00f6sungen im Urlaubs- oder Krankheitsfall an. Dabei arbeiten wir entweder in unseren eigenen Systemen oder auch in Ihrem. Durch regelm\u00e4\u00dfige Fortbildungsma\u00dfnahmen unserer Mitarbeiter und dem laufenden Austausch [&hellip;]<\/p>\n","protected":false},"author":1,"featured_media":0,"parent":0,"menu_order":0,"comment_status":"closed","ping_status":"closed","template":"page-vc.php","meta":{"footnotes":""},"class_list":["post-15898","page","type-page","status-publish","hentry"],"_links":{"self":[{"href":"https:\/\/aduacon.es\/de\/wp-json\/wp\/v2\/pages\/15898","targetHints":{"allow":["GET"]}}],"collection":[{"href":"https:\/\/aduacon.es\/de\/wp-json\/wp\/v2\/pages"}],"about":[{"href":"https:\/\/aduacon.es\/de\/wp-json\/wp\/v2\/types\/page"}],"author":[{"embeddable":true,"href":"https:\/\/aduacon.es\/de\/wp-json\/wp\/v2\/users\/1"}],"replies":[{"embeddable":true,"href":"https:\/\/aduacon.es\/de\/wp-json\/wp\/v2\/comments?post=15898"}],"version-history":[{"count":9,"href":"https:\/\/aduacon.es\/de\/wp-json\/wp\/v2\/pages\/15898\/revisions"}],"predecessor-version":[{"id":17842,"href":"https:\/\/aduacon.es\/de\/wp-json\/wp\/v2\/pages\/15898\/revisions\/17842"}],"wp:attachment":[{"href":"https:\/\/aduacon.es\/de\/wp-json\/wp\/v2\/media?parent=15898"}],"curies":[{"name":"wp","href":"https:\/\/api.w.org\/{rel}","templated":true}]}}