{"id":3389,"date":"2018-02-20T10:47:49","date_gmt":"2018-02-20T10:47:49","guid":{"rendered":"https:\/\/enovathemes.com\/globax\/?page_id=3389"},"modified":"2024-12-12T15:26:13","modified_gmt":"2024-12-12T14:26:13","slug":"mission","status":"publish","type":"page","link":"https:\/\/aduacon.es\/de\/mission\/","title":{"rendered":"Mission"},"content":{"rendered":"<section class=\"wpb-content-wrapper\"><p>[vc_row css=&#8220;.vc_custom_1675179986929{margin-top: -165px !important;}&#8220;][vc_column]<div class=\"gap et-clearfix \" style=\"height:55px\"><\/div>[\/vc_column][\/vc_row][vc_row][vc_column width=&#8220;1\/2&#8243;][vc_column_text]<\/p>\n<h2><\/h2>\n<h2><\/h2>\n<p>&nbsp;<\/p>\n<p>&nbsp;<\/p>\n<h2><\/h2>\n<p>[\/vc_column_text]<div class=\"et-simple-braket-block-wrapper\"><style>#et-simple-braket-block-1 .braket-text {font-size:24px;font-weight:400;line-height:32px;}#et-simple-braket-block-1 .braket > div  {background-color:#aa151b;}<\/style><div id=\"et-simple-braket-block-1\" class=\"et-simple-braket-block \"><div class=\"braket\"><div><\/div><div><\/div><div><\/div><\/div><div class=\"braket-text\" data-mobile-font=\"inherit\" data-tablet-font=\"inherit\">Aduacon Mallorca S.L. bietet Ihnen eine vollumf\u00e4ngliche Beratungsleistung im Zoll und Au\u00dfenhandel. Unser Ziel ist es, unseren Kunden ein zuverl\u00e4ssiger Partner in ihrem internationalen Handel zu sein. Dabei verbessern wir unsere Strategien regelm\u00e4\u00dfig, um den Erfolg unserer Kunden stets zu maximieren.<\/div><\/div><\/div>[\/vc_column][vc_column animation_delay=&#8220;0&#8243; width=&#8220;1\/2&#8243; css=&#8220;.vc_custom_1701790860381{background-image: url(https:\/\/aduacon.es\/wp-content\/uploads\/Softwareloesungen-Zoll.png?id=15912) !important;background-position: center !important;background-repeat: no-repeat !important;background-size: cover !important;}&#8220;]<div class=\"gap et-clearfix \" style=\"height:377px\"><\/div>[\/vc_column][\/vc_row][vc_row][vc_column]<div class=\"gap et-clearfix \" style=\"height:100px\"><\/div>[\/vc_column][\/vc_row][vc_row][vc_column width=&#8220;1\/2&#8243;][vc_column_text]<strong>Quality beats Quantity<\/strong><\/p>\n<p>Wir nehmen uns Zeit, unsere Kunden und ihre Herausforderungen im Au\u00dfenhandel zu verstehen, damit wir l\u00f6sungsorientiert sowie effizient eine optimale Beratungsleistung bieten k\u00f6nnen.<\/p>\n<p>&nbsp;<\/p>\n<p><strong>Awareness meets Fairness<\/strong><\/p>\n<p>Wir schenken jedem Kunden unsere volle Aufmerksamkeit und behandeln unsere Kunde stets auf Augenh\u00f6he. Ein respektvoller und vertrauensvoller Umgang ist f\u00fcr uns der Grundstein einer jeden Beratungsleistung.[\/vc_column_text][\/vc_column][vc_column animation_delay=&#8220;0&#8243; width=&#8220;1\/2&#8243;][vc_column_text]<strong>Simplify Complexity<\/strong><\/p>\n<p>Die gr\u00f6\u00dfte Herausforderung unseres Fachbereichs besteht in seiner komplexen Rechtslage und der weitreichenden Wirkung auf zahlreiche Unternehmensbereiche. Unser Anspruch ist es nicht nur die Probleme unserer Kunden zu l\u00f6sen, sondern die Komplexit\u00e4t des jeweiligen Sachverhalts verst\u00e4ndlich zu erkl\u00e4ren. Komplexit\u00e4ten einfach darzustellen ist in unseren Augen die Essenz einer nachhaltigen Zollberatung.<\/p>\n<p><strong>L\u00f6sung durch Innovation<\/strong><\/p>\n<p>Wir arbeiten stets an neuen innovativen L\u00f6sungen, damit wir unseren Kunden die b\u00fcrokratischen H\u00fcrden erleichtern k\u00f6nnen. Hierf\u00fcr bieten wir verschiedene Softwarel\u00f6sungen.[\/vc_column_text][\/vc_column][\/vc_row]<\/p>\n<\/section>","protected":false},"excerpt":{"rendered":"<p>Leverage agile frameworks to provide a robust synopsis for high level overviews. Iterative approaches to corporate strategy foster collaborative thinking to further the overall value proposition. Organically grow the holistic world view of disruptive innovation via workplace diversity and empowerment.<\/p>\n","protected":false},"author":1,"featured_media":0,"parent":0,"menu_order":0,"comment_status":"closed","ping_status":"closed","template":"page-vc.php","meta":{"footnotes":""},"class_list":["post-3389","page","type-page","status-publish","hentry"],"_links":{"self":[{"href":"https:\/\/aduacon.es\/de\/wp-json\/wp\/v2\/pages\/3389","targetHints":{"allow":["GET"]}}],"collection":[{"href":"https:\/\/aduacon.es\/de\/wp-json\/wp\/v2\/pages"}],"about":[{"href":"https:\/\/aduacon.es\/de\/wp-json\/wp\/v2\/types\/page"}],"author":[{"embeddable":true,"href":"https:\/\/aduacon.es\/de\/wp-json\/wp\/v2\/users\/1"}],"replies":[{"embeddable":true,"href":"https:\/\/aduacon.es\/de\/wp-json\/wp\/v2\/comments?post=3389"}],"version-history":[{"count":135,"href":"https:\/\/aduacon.es\/de\/wp-json\/wp\/v2\/pages\/3389\/revisions"}],"predecessor-version":[{"id":17829,"href":"https:\/\/aduacon.es\/de\/wp-json\/wp\/v2\/pages\/3389\/revisions\/17829"}],"wp:attachment":[{"href":"https:\/\/aduacon.es\/de\/wp-json\/wp\/v2\/media?parent=3389"}],"curies":[{"name":"wp","href":"https:\/\/api.w.org\/{rel}","templated":true}]}}